{"id":953,"date":"2024-02-06T18:19:45","date_gmt":"2024-02-06T17:19:45","guid":{"rendered":"http:\/\/julianschneegans.de\/wordpress\/?page_id=953"},"modified":"2024-02-06T18:21:52","modified_gmt":"2024-02-06T17:21:52","slug":"impressum","status":"publish","type":"page","link":"http:\/\/julianschneegans.de\/de\/impressum\/","title":{"rendered":"Impressum"},"content":{"rendered":"<p><strong>Verantwortlich f\u00fcr den Inhalt gem\u00e4\u00df \u00a7 5 TMG:<\/strong><br>Julian Schneegans<br>Knooper Weg 159<br>24118 Kiel Deutschland<\/p>\n\n\n\n<p><strong>Kontakt:<\/strong><br>Telefon: 0160 3449418<br>E-Mail: <a>julianschneegans@gmail.com<\/a><\/p>","protected":false},"excerpt":{"rendered":"<p>Verantwortlich f\u00fcr den Inhalt gem\u00e4\u00df \u00a7 5 TMG:Julian SchneegansKnooper Weg 15924118 Kiel Deutschland Kontakt:Telefon: 0160 3449418E-Mail: julianschneegans@gmail.com<\/p>","protected":false},"author":1,"featured_media":0,"parent":0,"menu_order":0,"comment_status":"closed","ping_status":"closed","template":"","meta":{"_kad_post_transparent":"","_kad_post_title":"","_kad_post_layout":"","_kad_post_sidebar_id":"","_kad_post_content_style":"","_kad_post_vertical_padding":"","_kad_post_feature":"","_kad_post_feature_position":"","_kad_post_header":false,"_kad_post_footer":false,"footnotes":""},"class_list":["post-953","page","type-page","status-publish","hentry"],"_links":{"self":[{"href":"http:\/\/julianschneegans.de\/de\/wp-json\/wp\/v2\/pages\/953","targetHints":{"allow":["GET"]}}],"collection":[{"href":"http:\/\/julianschneegans.de\/de\/wp-json\/wp\/v2\/pages"}],"about":[{"href":"http:\/\/julianschneegans.de\/de\/wp-json\/wp\/v2\/types\/page"}],"author":[{"embeddable":true,"href":"http:\/\/julianschneegans.de\/de\/wp-json\/wp\/v2\/users\/1"}],"replies":[{"embeddable":true,"href":"http:\/\/julianschneegans.de\/de\/wp-json\/wp\/v2\/comments?post=953"}],"version-history":[{"count":3,"href":"http:\/\/julianschneegans.de\/de\/wp-json\/wp\/v2\/pages\/953\/revisions"}],"predecessor-version":[{"id":956,"href":"http:\/\/julianschneegans.de\/de\/wp-json\/wp\/v2\/pages\/953\/revisions\/956"}],"wp:attachment":[{"href":"http:\/\/julianschneegans.de\/de\/wp-json\/wp\/v2\/media?parent=953"}],"curies":[{"name":"wp","href":"https:\/\/api.w.org\/{rel}","templated":true}]}}