{"id":725,"date":"2024-01-30T23:10:30","date_gmt":"2024-01-30T22:10:30","guid":{"rendered":"http:\/\/julianschneegans.de\/wordpress\/?page_id=725"},"modified":"2024-09-07T00:13:31","modified_gmt":"2024-09-06T22:13:31","slug":"portfolio-rackattack","status":"publish","type":"page","link":"http:\/\/julianschneegans.de\/de\/portfolio-rackattack\/","title":{"rendered":"Portfolio Branding RackAttack"},"content":{"rendered":"<style>.kb-row-layout-id725_f35b50-08 > .kt-row-column-wrap{align-content:start;}:where(.kb-row-layout-id725_f35b50-08 > .kt-row-column-wrap) > .wp-block-kadence-column{justify-content:start;}.kb-row-layout-id725_f35b50-08 > .kt-row-column-wrap{column-gap:var(--global-kb-gap-md, 2rem);row-gap:var(--global-kb-gap-md, 2rem);max-width:var( --global-content-width, 1290px );padding-left:var(--global-content-edge-padding);padding-right:var(--global-content-edge-padding);padding-top:60px;padding-bottom:60px;grid-template-columns:minmax(0, 1fr);}.kb-row-layout-id725_f35b50-08{background-image:url('http:\/\/julianschneegans.de\/wp-content\/uploads\/2024\/02\/Portfolio-Project-1-Rack-Attack_Zeichenflaeche-1-Kopie-4.png');background-size:cover;background-position:56.99999999999999% 25%;background-attachment:scroll;background-repeat:no-repeat;}.kb-row-layout-id725_f35b50-08 > .kt-row-layout-overlay{opacity:0.75;background-color:var(--global-palette1, #3182CE);}@media all and (max-width: 1024px){.kb-row-layout-id725_f35b50-08 > .kt-row-column-wrap{padding-top:60px;grid-template-columns:minmax(0, 1fr);}}@media all and (max-width: 767px){.kb-row-layout-id725_f35b50-08 > .kt-row-column-wrap{grid-template-columns:minmax(0, 1fr);}}<\/style><div class=\"kb-row-layout-wrap kb-row-layout-id725_f35b50-08 alignnone has-theme-palette8-background-color kt-row-has-bg wp-block-kadence-rowlayout\"><div class=\"kt-row-layout-overlay kt-row-overlay-normal\"><\/div><div class=\"kt-row-column-wrap kt-has-1-columns kt-row-layout-equal kt-tab-layout-inherit kt-mobile-layout-row kt-row-valign-top kb-theme-content-width\">\n<style>.kadence-column725_f1735e-07 > .kt-inside-inner-col,.kadence-column725_f1735e-07 > .kt-inside-inner-col:before{border-top-left-radius:0px;border-top-right-radius:0px;border-bottom-right-radius:0px;border-bottom-left-radius:0px;}.kadence-column725_f1735e-07 > .kt-inside-inner-col{column-gap:var(--global-kb-gap-sm, 1rem);}.kadence-column725_f1735e-07 > .kt-inside-inner-col{flex-direction:column;}.kadence-column725_f1735e-07 > .kt-inside-inner-col > .aligncenter{width:100%;}.kadence-column725_f1735e-07 > .kt-inside-inner-col:before{opacity:0.3;}.kadence-column725_f1735e-07{position:relative;}@media all and (max-width: 1024px){.kadence-column725_f1735e-07 > .kt-inside-inner-col{flex-direction:column;justify-content:center;}}@media all and (max-width: 767px){.kadence-column725_f1735e-07 > .kt-inside-inner-col{flex-direction:column;justify-content:center;}}<\/style>\n<div class=\"wp-block-kadence-column kadence-column725_f1735e-07 inner-column-1\"><div class=\"kt-inside-inner-col\"><style>.kb-row-layout-id725_6b55a4-d0 > .kt-row-column-wrap{align-content:start;}:where(.kb-row-layout-id725_6b55a4-d0 > .kt-row-column-wrap) > .wp-block-kadence-column{justify-content:start;}.kb-row-layout-id725_6b55a4-d0 > .kt-row-column-wrap{column-gap:var(--global-kb-gap-md, 2rem);row-gap:var(--global-kb-gap-md, 2rem);max-width:600px;margin-left:auto;margin-right:auto;padding-top:0px;padding-bottom:0px;grid-template-columns:minmax(0, 1fr);}.kb-row-layout-id725_6b55a4-d0 > .kt-row-layout-overlay{opacity:0.30;}@media all and (max-width: 1024px){.kb-row-layout-id725_6b55a4-d0 > .kt-row-column-wrap{max-width:600px;margin-left:auto;margin-right:auto;grid-template-columns:minmax(0, 1fr);}}@media all and (max-width: 767px){.kb-row-layout-id725_6b55a4-d0 > .kt-row-column-wrap{grid-template-columns:minmax(0, 1fr);}}<\/style><div class=\"kb-row-layout-wrap kb-row-layout-id725_6b55a4-d0 alignnone wp-block-kadence-rowlayout\"><div class=\"kt-row-column-wrap kt-has-1-columns kt-row-layout-equal kt-tab-layout-inherit kt-mobile-layout-row kt-row-valign-top\">\n<style>.kadence-column725_62c0be-cd > .kt-inside-inner-col,.kadence-column725_62c0be-cd > .kt-inside-inner-col:before{border-top-left-radius:0px;border-top-right-radius:0px;border-bottom-right-radius:0px;border-bottom-left-radius:0px;}.kadence-column725_62c0be-cd > .kt-inside-inner-col{column-gap:var(--global-kb-gap-sm, 1rem);}.kadence-column725_62c0be-cd > .kt-inside-inner-col{flex-direction:column;}.kadence-column725_62c0be-cd > .kt-inside-inner-col > .aligncenter{width:100%;}.kadence-column725_62c0be-cd > .kt-inside-inner-col:before{opacity:0.3;}.kadence-column725_62c0be-cd{position:relative;}@media all and (max-width: 1024px){.kadence-column725_62c0be-cd > .kt-inside-inner-col{flex-direction:column;justify-content:center;}}@media all and (max-width: 767px){.kadence-column725_62c0be-cd > .kt-inside-inner-col{flex-direction:column;justify-content:center;}}<\/style>\n<div class=\"wp-block-kadence-column kadence-column725_62c0be-cd inner-column-1\"><div class=\"kt-inside-inner-col\"><style>.wp-block-kadence-advancedheading.kt-adv-heading725_bf2792-a2, .wp-block-kadence-advancedheading.kt-adv-heading725_bf2792-a2[data-kb-block=\"kb-adv-heading725_bf2792-a2\"]{margin-bottom:20px;text-align:center;font-size:70px;line-height:70px;font-style:normal;color:#ffffff;}.wp-block-kadence-advancedheading.kt-adv-heading725_bf2792-a2 mark.kt-highlight, .wp-block-kadence-advancedheading.kt-adv-heading725_bf2792-a2[data-kb-block=\"kb-adv-heading725_bf2792-a2\"] mark.kt-highlight{font-style:normal;color:#f76a0c;-webkit-box-decoration-break:clone;box-decoration-break:clone;padding-top:0px;padding-right:0px;padding-bottom:0px;padding-left:0px;}@media all and (max-width: 1024px){.wp-block-kadence-advancedheading.kt-adv-heading725_bf2792-a2, .wp-block-kadence-advancedheading.kt-adv-heading725_bf2792-a2[data-kb-block=\"kb-adv-heading725_bf2792-a2\"]{font-size:55px;}}@media all and (max-width: 767px){.wp-block-kadence-advancedheading.kt-adv-heading725_bf2792-a2, .wp-block-kadence-advancedheading.kt-adv-heading725_bf2792-a2[data-kb-block=\"kb-adv-heading725_bf2792-a2\"]{font-size:45px;}}<\/style>\n<h1 class=\"kt-adv-heading725_bf2792-a2 wp-block-kadence-advancedheading\" data-kb-block=\"kb-adv-heading725_bf2792-a2\">eSports RackAttack<\/h1>\n\n\n<style>.wp-block-kadence-advancedheading.kt-adv-heading725_c16aea-d3, .wp-block-kadence-advancedheading.kt-adv-heading725_c16aea-d3[data-kb-block=\"kb-adv-heading725_c16aea-d3\"]{text-align:center;font-style:normal;color:#f5f4f4;}.wp-block-kadence-advancedheading.kt-adv-heading725_c16aea-d3 mark.kt-highlight, .wp-block-kadence-advancedheading.kt-adv-heading725_c16aea-d3[data-kb-block=\"kb-adv-heading725_c16aea-d3\"] mark.kt-highlight{font-style:normal;color:#f76a0c;-webkit-box-decoration-break:clone;box-decoration-break:clone;padding-top:0px;padding-right:0px;padding-bottom:0px;padding-left:0px;}<\/style>\n<p class=\"kt-adv-heading725_c16aea-d3 wp-block-kadence-advancedheading\" data-kb-block=\"kb-adv-heading725_c16aea-d3\">Starke Markenidentit\u00e4t im Augenschein der Zielgruppe.<\/p>\n<\/div><\/div>\n\n<\/div><\/div><\/div><\/div>\n\n<\/div><\/div>\n\n<style>.kb-row-layout-id725_a8b805-12 > .kt-row-column-wrap{align-content:start;}:where(.kb-row-layout-id725_a8b805-12 > .kt-row-column-wrap) > .wp-block-kadence-column{justify-content:start;}.kb-row-layout-id725_a8b805-12 > .kt-row-column-wrap{column-gap:var(--global-kb-gap-md, 2rem);row-gap:var(--global-kb-gap-md, 2rem);max-width:var( --global-content-width, 1290px );padding-left:var(--global-content-edge-padding);padding-right:var(--global-content-edge-padding);padding-top:80px;padding-right:20px;padding-bottom:80px;padding-left:20px;grid-template-columns:repeat(2, minmax(0, 1fr));}.kb-row-layout-id725_a8b805-12 > .kt-row-layout-overlay{opacity:0.30;}@media all and (max-width: 1024px){.kb-row-layout-id725_a8b805-12 > .kt-row-column-wrap{padding-top:60px;padding-right:150px;padding-bottom:60px;padding-left:150px;grid-template-columns:minmax(0, 1fr);}}@media all and (max-width: 767px){.kb-row-layout-id725_a8b805-12 > .kt-row-column-wrap{padding-top:40px;padding-right:30px;padding-bottom:40px;padding-left:30px;grid-template-columns:minmax(0, 1fr);}}<\/style><div class=\"kb-row-layout-wrap kb-row-layout-id725_a8b805-12 alignnone wp-block-kadence-rowlayout\"><div class=\"kt-row-column-wrap kt-has-2-columns kt-row-layout-equal kt-tab-layout-row kt-mobile-layout-row kt-row-valign-top kb-theme-content-width\">\n<style>.kadence-column725_e79422-94 > .kt-inside-inner-col,.kadence-column725_e79422-94 > .kt-inside-inner-col:before{border-top-left-radius:0px;border-top-right-radius:0px;border-bottom-right-radius:0px;border-bottom-left-radius:0px;}.kadence-column725_e79422-94 > .kt-inside-inner-col{column-gap:var(--global-kb-gap-sm, 1rem);}.kadence-column725_e79422-94 > .kt-inside-inner-col{flex-direction:column;}.kadence-column725_e79422-94 > .kt-inside-inner-col > .aligncenter{width:100%;}.kadence-column725_e79422-94 > .kt-inside-inner-col:before{opacity:0.3;}.kadence-column725_e79422-94{position:relative;}.kadence-column725_e79422-94, .kt-inside-inner-col > .kadence-column725_e79422-94:not(.specificity){margin-right:30px;}@media all and (max-width: 1024px){.kadence-column725_e79422-94 > .kt-inside-inner-col{flex-direction:column;justify-content:center;}}@media all and (max-width: 1024px){.kadence-column725_e79422-94, .kt-inside-inner-col > .kadence-column725_e79422-94:not(.specificity){margin-top:0px;margin-right:0px;margin-bottom:0px;margin-left:0px;}}@media all and (max-width: 767px){.kadence-column725_e79422-94 > .kt-inside-inner-col{flex-direction:column;justify-content:center;}.kadence-column725_e79422-94, .kt-inside-inner-col > .kadence-column725_e79422-94:not(.specificity){margin-top:0px;margin-right:0px;margin-bottom:0px;margin-left:0px;}}<\/style>\n<div class=\"wp-block-kadence-column kadence-column725_e79422-94 inner-column-1\"><div class=\"kt-inside-inner-col\"><style>.wp-block-kadence-advancedheading.kt-adv-heading725_cb362d-7b, .wp-block-kadence-advancedheading.kt-adv-heading725_cb362d-7b[data-kb-block=\"kb-adv-heading725_cb362d-7b\"]{font-size:62px;line-height:62px;font-style:normal;}.wp-block-kadence-advancedheading.kt-adv-heading725_cb362d-7b mark.kt-highlight, .wp-block-kadence-advancedheading.kt-adv-heading725_cb362d-7b[data-kb-block=\"kb-adv-heading725_cb362d-7b\"] mark.kt-highlight{font-style:normal;color:#f76a0c;-webkit-box-decoration-break:clone;box-decoration-break:clone;padding-top:0px;padding-right:0px;padding-bottom:0px;padding-left:0px;}@media all and (max-width: 1024px){.wp-block-kadence-advancedheading.kt-adv-heading725_cb362d-7b, .wp-block-kadence-advancedheading.kt-adv-heading725_cb362d-7b[data-kb-block=\"kb-adv-heading725_cb362d-7b\"]{text-align:center!important;}}@media all and (max-width: 767px){.wp-block-kadence-advancedheading.kt-adv-heading725_cb362d-7b, .wp-block-kadence-advancedheading.kt-adv-heading725_cb362d-7b[data-kb-block=\"kb-adv-heading725_cb362d-7b\"]{font-size:45px;text-align:center!important;}}<\/style>\n<h2 class=\"kt-adv-heading725_cb362d-7b wp-block-kadence-advancedheading\" data-kb-block=\"kb-adv-heading725_cb362d-7b\"><strong>Branding f\u00fcr eSports Team<\/strong><\/h2>\n\n\n\n<p>Der Dart knallt ins Bullseye \u2013 genau wie RackAttack in die Welt des eSports! RackAttack, das eSports Team aus dem Norden mit dem Killerinstinkt, bringt Darts auf ein neues Level. Der Schauplatz? Die Arena des Wettbewerbs, wo Pr\u00e4zision, St\u00e4rke und unerbittlicher Ehrgeiz regieren. Hurry up, denn hier fliegt nicht nur eSports Kompetenz \u2013 ich stelle hiermit ein neues Branding vor, um das f\u00fchrende Team f\u00fcr die Zielgruppe greifbar zu machen.<\/p>\n\n\n\n<p><strong>Im Fadenkreuz?<\/strong><\/p>\n\n\n\n<p>18-35-J\u00e4hrige mit Tech-Liebe und dem Drang nach Neuem. RackAttack setzt auf ihre Technikaffinit\u00e4t und offene Haltung gegen\u00fcber innovativen Trends.<\/p>\n\n\n\n<p><strong>Corporate Design: <\/strong><\/p>\n\n\n\n<p>Das RackAttack-Logo \u2013 Hirsch und Kompass. St\u00e4rke, Zielstrebigkeit und Orientierung in einem. Orange Anthrazit verleiht dem Ganzen den modernen Touch, der die Dynamik des eSports einf\u00e4ngt.<\/p>\n<\/div><\/div>\n\n\n<style>.kadence-column725_570375-11 > .kt-inside-inner-col,.kadence-column725_570375-11 > .kt-inside-inner-col:before{border-top-left-radius:0px;border-top-right-radius:0px;border-bottom-right-radius:0px;border-bottom-left-radius:0px;}.kadence-column725_570375-11 > .kt-inside-inner-col{column-gap:var(--global-kb-gap-sm, 1rem);}.kadence-column725_570375-11 > .kt-inside-inner-col{flex-direction:column;}.kadence-column725_570375-11 > .kt-inside-inner-col > .aligncenter{width:100%;}.kadence-column725_570375-11 > .kt-inside-inner-col:before{opacity:0.3;}.kadence-column725_570375-11{position:relative;}.kadence-column725_570375-11, .kt-inside-inner-col > .kadence-column725_570375-11:not(.specificity){margin-left:30px;}@media all and (max-width: 1024px){.kadence-column725_570375-11 > .kt-inside-inner-col{flex-direction:column;justify-content:center;}}@media all and (max-width: 1024px){.kadence-column725_570375-11, .kt-inside-inner-col > .kadence-column725_570375-11:not(.specificity){margin-top:0px;margin-right:0px;margin-bottom:0px;margin-left:0px;}}@media all and (max-width: 767px){.kadence-column725_570375-11 > .kt-inside-inner-col{flex-direction:column;justify-content:center;}.kadence-column725_570375-11, .kt-inside-inner-col > .kadence-column725_570375-11:not(.specificity){margin-top:0px;margin-right:0px;margin-bottom:0px;margin-left:0px;}}<\/style>\n<div class=\"wp-block-kadence-column kadence-column725_570375-11 inner-column-2\"><div class=\"kt-inside-inner-col\">\n<h2 class=\"wp-block-heading\"><br>Marketingkonzept kompakt:<\/h2>\n\n\n\n<ul class=\"wp-block-list\">\n<li><strong>Social Media:<\/strong> RackAttack ist auf den wichtigsten Social Media Plattformen aktiv und nutzt diese, um mit der Zielgruppe zu kommunizieren und die Marke zu promoten.<\/li>\n<\/ul>\n\n\n\n<p><\/p>\n\n\n\n<ul class=\"wp-block-list\">\n<li><strong>Online Marketing:<\/strong> RackAttack setzt auf Online-Marketing, um die Zielgruppe zu erreichen. Dazu geh\u00f6ren unter anderem Suchmaschinenoptimierung (SEO), Suchmaschinenwerbung (SEA) und Display-Werbung.<\/li>\n<\/ul>\n\n\n\n<p><\/p>\n\n\n\n<ul class=\"wp-block-list\">\n<li><strong>Offline Marketing:<\/strong> RackAttack setzt auch auf Offline-Marketing, um die Marke bekannt zu machen. Dazu geh\u00f6ren unter anderem Sponsoring von Events und Printwerbung.<\/li>\n<\/ul>\n<\/div><\/div>\n\n<\/div><\/div>\n\n<div class=\"wp-block-image\">\n<figure class=\"aligncenter size-large is-resized\"><img loading=\"lazy\" decoding=\"async\" width=\"1024\" height=\"724\" src=\"http:\/\/julianschneegans.de\/wp-content\/uploads\/2024\/02\/Portfolio-Project-1-Rack-Attack_Zeichenflaeche-1-Kopie-1024x724.png\" alt=\"\" class=\"wp-image-1005\" style=\"width:1264px;height:auto\" srcset=\"http:\/\/julianschneegans.de\/wp-content\/uploads\/2024\/02\/Portfolio-Project-1-Rack-Attack_Zeichenflaeche-1-Kopie-1024x724.png 1024w, http:\/\/julianschneegans.de\/wp-content\/uploads\/2024\/02\/Portfolio-Project-1-Rack-Attack_Zeichenflaeche-1-Kopie-300x212.png 300w, http:\/\/julianschneegans.de\/wp-content\/uploads\/2024\/02\/Portfolio-Project-1-Rack-Attack_Zeichenflaeche-1-Kopie-768x543.png 768w, http:\/\/julianschneegans.de\/wp-content\/uploads\/2024\/02\/Portfolio-Project-1-Rack-Attack_Zeichenflaeche-1-Kopie.png 1384w\" sizes=\"auto, (max-width: 1024px) 100vw, 1024px\" \/><\/figure>\n<\/div>\n\n<div class=\"wp-block-image\">\n<figure class=\"aligncenter size-large is-resized\"><img loading=\"lazy\" decoding=\"async\" width=\"1024\" height=\"724\" src=\"https:\/\/julianschneegans.de\/wp-content\/uploads\/2024\/02\/Portfolio-Project-1-Rack-Attack_Zeichenflaeche-1-Kopie-2-1-1024x724.png\" alt=\"\" class=\"wp-image-1008\" style=\"width:1264px;height:auto\" srcset=\"http:\/\/julianschneegans.de\/wp-content\/uploads\/2024\/02\/Portfolio-Project-1-Rack-Attack_Zeichenflaeche-1-Kopie-2-1-1024x724.png 1024w, http:\/\/julianschneegans.de\/wp-content\/uploads\/2024\/02\/Portfolio-Project-1-Rack-Attack_Zeichenflaeche-1-Kopie-2-1-300x212.png 300w, http:\/\/julianschneegans.de\/wp-content\/uploads\/2024\/02\/Portfolio-Project-1-Rack-Attack_Zeichenflaeche-1-Kopie-2-1-768x543.png 768w, http:\/\/julianschneegans.de\/wp-content\/uploads\/2024\/02\/Portfolio-Project-1-Rack-Attack_Zeichenflaeche-1-Kopie-2-1.png 1384w\" sizes=\"auto, (max-width: 1024px) 100vw, 1024px\" \/><\/figure>\n<\/div>\n\n<div class=\"wp-block-image\">\n<figure class=\"aligncenter size-large is-resized\"><img loading=\"lazy\" decoding=\"async\" width=\"1024\" height=\"724\" src=\"http:\/\/julianschneegans.de\/wp-content\/uploads\/2024\/02\/Portfolio-Project-1-Rack-Attack_Zeichenflaeche-1-Kopie-3-1024x724.png\" alt=\"\" class=\"wp-image-1003\" style=\"width:1264px;height:auto\" srcset=\"http:\/\/julianschneegans.de\/wp-content\/uploads\/2024\/02\/Portfolio-Project-1-Rack-Attack_Zeichenflaeche-1-Kopie-3-1024x724.png 1024w, http:\/\/julianschneegans.de\/wp-content\/uploads\/2024\/02\/Portfolio-Project-1-Rack-Attack_Zeichenflaeche-1-Kopie-3-300x212.png 300w, http:\/\/julianschneegans.de\/wp-content\/uploads\/2024\/02\/Portfolio-Project-1-Rack-Attack_Zeichenflaeche-1-Kopie-3-768x543.png 768w, http:\/\/julianschneegans.de\/wp-content\/uploads\/2024\/02\/Portfolio-Project-1-Rack-Attack_Zeichenflaeche-1-Kopie-3.png 1384w\" sizes=\"auto, (max-width: 1024px) 100vw, 1024px\" \/><\/figure>\n<\/div>\n\n\n<p><\/p>\n\n\n<style>.kb-row-layout-id725_373ebc-53 > .kt-row-column-wrap{align-content:start;}:where(.kb-row-layout-id725_373ebc-53 > .kt-row-column-wrap) > .wp-block-kadence-column{justify-content:start;}.kb-row-layout-id725_373ebc-53 > .kt-row-column-wrap{column-gap:var(--global-kb-gap-md, 2rem);row-gap:var(--global-kb-gap-md, 2rem);max-width:500px;margin-left:auto;margin-right:auto;padding-top:50px;padding-right:20px;padding-bottom:50px;padding-left:20px;grid-template-columns:minmax(0, 1fr);}.kb-row-layout-id725_373ebc-53 > .kt-row-layout-overlay{opacity:0.90;background:radial-gradient(circle at center center,var(--global-palette9) 19%,var(--global-palette1) 56%);}@media all and (max-width: 1024px){.kb-row-layout-id725_373ebc-53 > .kt-row-column-wrap{padding-top:60px;padding-right:0px;padding-bottom:60px;padding-left:0px;grid-template-columns:minmax(0, 1fr);}}@media all and (max-width: 767px){.kb-row-layout-id725_373ebc-53 > .kt-row-column-wrap{padding-top:60px;padding-right:30px;padding-bottom:60px;padding-left:30px;grid-template-columns:minmax(0, 1fr);}}<\/style><div class=\"kb-row-layout-wrap kb-row-layout-id725_373ebc-53 alignnone kt-row-has-bg wp-block-kadence-rowlayout\"><div class=\"kt-row-layout-overlay kt-row-overlay-gradient\"><\/div><div class=\"kt-row-column-wrap kt-has-1-columns kt-row-layout-equal kt-tab-layout-inherit kt-mobile-layout-row kt-row-valign-top\">\n<style>.kadence-column725_fe2fd1-9f > .kt-inside-inner-col{padding-top:50px;padding-right:50px;padding-bottom:50px;padding-left:50px;}.kadence-column725_fe2fd1-9f > .kt-inside-inner-col,.kadence-column725_fe2fd1-9f > .kt-inside-inner-col:before{border-top-left-radius:0px;border-top-right-radius:0px;border-bottom-right-radius:80px;border-bottom-left-radius:0px;}.kadence-column725_fe2fd1-9f > .kt-inside-inner-col{column-gap:var(--global-kb-gap-sm, 1rem);}.kadence-column725_fe2fd1-9f > .kt-inside-inner-col{flex-direction:column;}.kadence-column725_fe2fd1-9f > .kt-inside-inner-col > .aligncenter{width:100%;}.kadence-column725_fe2fd1-9f > .kt-inside-inner-col{background-color:var(--global-palette9, #ffffff);}.kadence-column725_fe2fd1-9f > .kt-inside-inner-col:before{opacity:0.3;}.kadence-column725_fe2fd1-9f{position:relative;}@media all and (max-width: 1024px){.kadence-column725_fe2fd1-9f > .kt-inside-inner-col{flex-direction:column;justify-content:center;}}@media all and (max-width: 767px){.kadence-column725_fe2fd1-9f > .kt-inside-inner-col{padding-top:var(--global-kb-spacing-xs, 1rem);padding-right:var(--global-kb-spacing-xs, 1rem);padding-bottom:var(--global-kb-spacing-xs, 1rem);padding-left:var(--global-kb-spacing-xs, 1rem);flex-direction:column;justify-content:center;}}<\/style>\n<div class=\"wp-block-kadence-column kadence-column725_fe2fd1-9f inner-column-1\"><div class=\"kt-inside-inner-col\"><style>.wp-block-kadence-advancedheading.kt-adv-heading725_a3ae5f-7a, .wp-block-kadence-advancedheading.kt-adv-heading725_a3ae5f-7a[data-kb-block=\"kb-adv-heading725_a3ae5f-7a\"]{text-align:center;font-style:normal;}.wp-block-kadence-advancedheading.kt-adv-heading725_a3ae5f-7a mark.kt-highlight, .wp-block-kadence-advancedheading.kt-adv-heading725_a3ae5f-7a[data-kb-block=\"kb-adv-heading725_a3ae5f-7a\"] mark.kt-highlight{font-style:normal;color:#f76a0c;-webkit-box-decoration-break:clone;box-decoration-break:clone;padding-top:0px;padding-right:0px;padding-bottom:0px;padding-left:0px;}<\/style>\n<h3 class=\"kt-adv-heading725_a3ae5f-7a wp-block-kadence-advancedheading\" data-kb-block=\"kb-adv-heading725_a3ae5f-7a\">Einen Schritt voraus sein!<\/h3>\n\n\n<style>.wp-block-kadence-advancedheading.kt-adv-heading725_df0075-dd, .wp-block-kadence-advancedheading.kt-adv-heading725_df0075-dd[data-kb-block=\"kb-adv-heading725_df0075-dd\"]{text-align:center;font-style:normal;}.wp-block-kadence-advancedheading.kt-adv-heading725_df0075-dd mark.kt-highlight, .wp-block-kadence-advancedheading.kt-adv-heading725_df0075-dd[data-kb-block=\"kb-adv-heading725_df0075-dd\"] mark.kt-highlight{font-style:normal;color:#f76a0c;-webkit-box-decoration-break:clone;box-decoration-break:clone;padding-top:0px;padding-right:0px;padding-bottom:0px;padding-left:0px;}<\/style>\n<p class=\"kt-adv-heading725_df0075-dd wp-block-kadence-advancedheading\" data-kb-block=\"kb-adv-heading725_df0075-dd\">Bleib auf dem Laufenden \u00fcber die neuesten Nachrichten, Projekte und Angebote. Mein Newsletter f\u00fcr exklusive Updates!<\/p>\n\n\n<style>.kadence-form-1106_511e36-97 .kb-form .kadence-blocks-form-field{padding-right:16px;padding-left:16px;}.kadence-form-1106_511e36-97 .kb-form{margin-right:-16px;margin-left:-16px;}.kadence-form-1106_511e36-97 .kb-form .kadence-blocks-form-field .kb-text-style-field, .kadence-form-1106_511e36-97 .kb-form .kadence-blocks-form-field .kb-select-style-field{border-radius:7px;border-color:var(--global-palette6, #718096);}.kadence-form-1106_511e36-97 .kb-form .kadence-blocks-form-field > label{font-size:20px;letter-spacing:1.3px;font-family:Sorts Mill Goudy;font-style:italic;font-weight:400;padding-top:0px;padding-right:0px;padding-bottom:0px;padding-left:10px;}.kadence-form-1106_511e36-97 .kb-form .kadence-blocks-form-field .kb-forms-submit{border-radius:7px;}.kadence-form-1106_511e36-97 .kb-form .kadence-blocks-form-field .kb-forms-submit{text-transform:capitalize;}.kb-form input.kadence-blocks-field.verify{opacity:0.0;position:absolute;top:0.0;left:0.0;width:0.0;height:0.0;z-index:-1;}<\/style>\n<div class=\"wp-block-kadence-form kadence-form-1106_511e36-97 kb-form-wrap animated backInUp\"><form class=\"kb-form\" action=\"\" method=\"post\" data-trp-original-action=\"\"><div class=\"kadence-blocks-form-field kb-field-desk-width-100 kb-input-size-standard\"><input name=\"kb_field_0\" id=\"kb_field_1106_511e36-97_0\" data-label=\"E-mail address\" type=\"email\" placeholder=\"E-Mail*\" value=\"\" data-type=\"email\" class=\"kb-field kb-text-style-field kb-email-field kb-field-0\"\/><\/div><input type=\"hidden\" name=\"_kb_form_id\" value=\"1106_511e36-97\"\/><input type=\"hidden\" name=\"_kb_form_post_id\" value=\"1106\"\/><input type=\"hidden\" name=\"action\" value=\"kb_process_ajax_submit\"\/><label class=\"kadence-verify-label\">Email<input class=\"kadence-blocks-field verify\" type=\"text\" name=\"_kb_verify_email\" autocomplete=\"new-password\" aria-hidden=\"true\" placeholder=\"Email\" tabindex=\"-1\" data-1p-ignore=\"true\" data-lpignore=\"true\" \/><\/label><div class=\"kadence-blocks-form-field kb-submit-field kb-field-desk-width-100\"><button class=\"kb-forms-submit button kb-button-size-standard kb-button-width-full\">Neugierig? Nachricht senden!<\/button><\/div><input type=\"hidden\" name=\"trp-form-language\" value=\"de\"\/><\/form><\/div>\n<noscript><div class=\"kadence-blocks-form-message kadence-blocks-form-warning\">Bitte aktiviere JavaScript in deinem Browser, um dieses Formular fertigzustellen.<\/div><style>.kadence-form-1106_511e36-97 .kadence-blocks-form-field.kb-submit-field { display: none; }<\/style><\/noscript><\/div><\/div>\n\n<\/div><\/div>","protected":false},"excerpt":{"rendered":"<p>eSports RackAttack Strong brand identity in the eyes of the target audience. Branding for eSports Team The dart hits the bullseye \u2013 just like RackAttack hits the world of eSports! RackAttack, the eSports team from the North with killer instinct, is taking darts to a whole new level. The stage? The arena of competition, where&#8230;<\/p>","protected":false},"author":1,"featured_media":0,"parent":0,"menu_order":0,"comment_status":"closed","ping_status":"closed","template":"","meta":{"_kad_post_transparent":"","_kad_post_title":"hide","_kad_post_layout":"fullwidth","_kad_post_sidebar_id":"","_kad_post_content_style":"unboxed","_kad_post_vertical_padding":"hide","_kad_post_feature":"hide","_kad_post_feature_position":"","_kad_post_header":false,"_kad_post_footer":false,"footnotes":""},"class_list":["post-725","page","type-page","status-publish","hentry"],"_links":{"self":[{"href":"http:\/\/julianschneegans.de\/de\/wp-json\/wp\/v2\/pages\/725","targetHints":{"allow":["GET"]}}],"collection":[{"href":"http:\/\/julianschneegans.de\/de\/wp-json\/wp\/v2\/pages"}],"about":[{"href":"http:\/\/julianschneegans.de\/de\/wp-json\/wp\/v2\/types\/page"}],"author":[{"embeddable":true,"href":"http:\/\/julianschneegans.de\/de\/wp-json\/wp\/v2\/users\/1"}],"replies":[{"embeddable":true,"href":"http:\/\/julianschneegans.de\/de\/wp-json\/wp\/v2\/comments?post=725"}],"version-history":[{"count":33,"href":"http:\/\/julianschneegans.de\/de\/wp-json\/wp\/v2\/pages\/725\/revisions"}],"predecessor-version":[{"id":1110,"href":"http:\/\/julianschneegans.de\/de\/wp-json\/wp\/v2\/pages\/725\/revisions\/1110"}],"wp:attachment":[{"href":"http:\/\/julianschneegans.de\/de\/wp-json\/wp\/v2\/media?parent=725"}],"curies":[{"name":"wp","href":"https:\/\/api.w.org\/{rel}","templated":true}]}}